{"id":182,"date":"2023-04-10T11:15:42","date_gmt":"2023-04-10T11:15:42","guid":{"rendered":"https:\/\/wp.kunzmann-invest.de\/?page_id=182"},"modified":"2023-04-10T11:38:05","modified_gmt":"2023-04-10T11:38:05","slug":"versicherungen","status":"publish","type":"page","link":"https:\/\/kunzmann-invest.de\/?page_id=182","title":{"rendered":"Versicherungen"},"content":{"rendered":"\n<h2 class=\"wp-block-heading\">Online Vergleichsrechner<\/h2>\n\n\n\n<p>Wir bieten Ihnen direkten Zugang zu hunderten von Tarifen unterschiedlichster Gesellschaften. Informieren und vergleichen Sie in Ruhe von zu Hause. Sie haben das Richtige f\u00fcr Ihren pers\u00f6nlichen Bedarf gefunden, k\u00f6nnen Sie hier auch direkt abschliessen. Sie sind sich nicht ganz sicher, lassen Sie sich von mir pers\u00f6nlich beraten.<\/p>\n\n\n\n<h2 class=\"wp-block-heading\">Digitaler Kundenordner<\/h2>\n\n\n\n<p>Der Digitale Kundenordner ist Ihr pers\u00f6nlicher Zugang zu allen Vertr\u00e4gen von allen Gesellschaften: \u00dcbersichtlich, schnell und immer verf\u00fcgbar. Sie k\u00f6nnen z.B. Ihre Adresse oder Bankverbindung so bequem allen Gesellschaften mitteilen. Sie sehen nicht nur Ihre bestehenden Vertr\u00e4ge, sondern erhalten auf Wunsch auch eine \u00dcbersicht von neuen Tarifen oder haben Zugang zu einfachen Schadensmeldungen.<\/p>\n\n\n\n<h2 class=\"wp-block-heading\">Pers\u00f6nliche Beratung<\/h2>\n\n\n\n<p>Ich w\u00fcnsche eine kostenlose Beratung zum Thema Versicherungen und ben\u00f6tige einen pers\u00f6nlichen Termin<\/p>\n\n\n\n<div class=\"wp-block-buttons is-layout-flex wp-block-buttons-is-layout-flex\">\n<div class=\"wp-block-button\"><a class=\"wp-block-button__link wp-element-button\" href=\"https:\/\/kunzmann-invest.de\/kontakt\">Kontakt<\/a><\/div>\n<\/div>\n","protected":false},"excerpt":{"rendered":"<p>Online Vergleichsrechner Wir bieten Ihnen direkten Zugang zu hunderten von Tarifen unterschiedlichster Gesellschaften. Informieren und [&hellip;]<\/p>\n","protected":false},"author":1,"featured_media":147,"parent":0,"menu_order":0,"comment_status":"closed","ping_status":"closed","template":"","meta":{"footnotes":""},"class_list":["post-182","page","type-page","status-publish","has-post-thumbnail","hentry"],"_links":{"self":[{"href":"https:\/\/kunzmann-invest.de\/index.php?rest_route=\/wp\/v2\/pages\/182","targetHints":{"allow":["GET"]}}],"collection":[{"href":"https:\/\/kunzmann-invest.de\/index.php?rest_route=\/wp\/v2\/pages"}],"about":[{"href":"https:\/\/kunzmann-invest.de\/index.php?rest_route=\/wp\/v2\/types\/page"}],"author":[{"embeddable":true,"href":"https:\/\/kunzmann-invest.de\/index.php?rest_route=\/wp\/v2\/users\/1"}],"replies":[{"embeddable":true,"href":"https:\/\/kunzmann-invest.de\/index.php?rest_route=%2Fwp%2Fv2%2Fcomments&post=182"}],"version-history":[{"count":1,"href":"https:\/\/kunzmann-invest.de\/index.php?rest_route=\/wp\/v2\/pages\/182\/revisions"}],"predecessor-version":[{"id":183,"href":"https:\/\/kunzmann-invest.de\/index.php?rest_route=\/wp\/v2\/pages\/182\/revisions\/183"}],"wp:featuredmedia":[{"embeddable":true,"href":"https:\/\/kunzmann-invest.de\/index.php?rest_route=\/wp\/v2\/media\/147"}],"wp:attachment":[{"href":"https:\/\/kunzmann-invest.de\/index.php?rest_route=%2Fwp%2Fv2%2Fmedia&parent=182"}],"curies":[{"name":"wp","href":"https:\/\/api.w.org\/{rel}","templated":true}]}}