{"id":184,"date":"2023-04-10T11:18:39","date_gmt":"2023-04-10T11:18:39","guid":{"rendered":"https:\/\/wp.kunzmann-invest.de\/?page_id=184"},"modified":"2024-02-02T14:32:07","modified_gmt":"2024-02-02T14:32:07","slug":"immobilien","status":"publish","type":"page","link":"https:\/\/kunzmann-invest.de\/?page_id=184","title":{"rendered":"Immobilien"},"content":{"rendered":"\t\t<div data-elementor-type=\"wp-page\" data-elementor-id=\"184\" class=\"elementor elementor-184\">\n\t\t\t\t\t\t<section class=\"elementor-section elementor-top-section elementor-element elementor-element-cdf77a9 elementor-section-boxed elementor-section-height-default elementor-section-height-default\" data-id=\"cdf77a9\" data-element_type=\"section\" data-e-type=\"section\">\n\t\t\t\t\t\t<div class=\"elementor-container elementor-column-gap-default\">\n\t\t\t\t\t<div class=\"elementor-column elementor-col-100 elementor-top-column elementor-element elementor-element-268e925\" data-id=\"268e925\" data-element_type=\"column\" data-e-type=\"column\">\n\t\t\t<div class=\"elementor-widget-wrap\">\n\t\t\t\t\t\t\t<\/div>\n\t\t<\/div>\n\t\t\t\t\t<\/div>\n\t\t<\/section>\n\t\t\t\t<section class=\"elementor-section elementor-top-section elementor-element elementor-element-7c52a21d elementor-section-boxed elementor-section-height-default elementor-section-height-default\" data-id=\"7c52a21d\" data-element_type=\"section\" data-e-type=\"section\">\n\t\t\t\t\t\t<div class=\"elementor-container elementor-column-gap-default\">\n\t\t\t\t\t<div class=\"elementor-column elementor-col-100 elementor-top-column elementor-element elementor-element-1cc7659e\" data-id=\"1cc7659e\" data-element_type=\"column\" data-e-type=\"column\">\n\t\t\t<div class=\"elementor-widget-wrap elementor-element-populated\">\n\t\t\t\t\t\t<div class=\"elementor-element elementor-element-25c1a10 elementor-widget elementor-widget-text-editor\" data-id=\"25c1a10\" data-element_type=\"widget\" data-e-type=\"widget\" data-widget_type=\"text-editor.default\">\n\t\t\t\t<div class=\"elementor-widget-container\">\n\t\t\t\t\t\t\t\t\t<p><\/p>\n<h2 class=\"wp-block-heading\">Immobilienangebote<\/h2>\n<p><\/p>\n<p><\/p>\n<p>Immobilien sind ein wachsender Bestandteil unseres Dienstleistungsangebots. Neben der reinen Vermittlungst\u00e4tigkeit von Miet- und Kaufobjekten, bieten wir au\u00dfergew\u00f6hnliche Immobilienangebote sowohl f\u00fcr Kapitalanleger, wie auch Eigennutzer.<\/p>\n<p><\/p>\n<p><\/p>\n<h2 class=\"wp-block-heading\">Unsere eigenen Wohnbauprojekte<\/h2>\n<p><\/p>\n<p><\/p>\n<p style=\"font-weight: 400;\">In enger Zusammenarbeit mit regionalen Bautr\u00e4gern realisieren wir moderne, energieeffiziente, barrierefreie und wertbest\u00e4ndige Objekte in bevorzugten Wohnlagen.<\/p>\n<p><\/p>\n<p><\/p>\n<h2 class=\"wp-block-heading\">Finanzierung<\/h2>\n<p><\/p>\n<p><\/p>\n<p>Ein Teil des Immobilien-Kaufpreises kann von Kreditinstituten durch Kreditgew\u00e4hrung finanziert werden.<\/p>\n<p><\/p>\n<p><\/p>\n<p>Wir helfen Ihnen den genau passenden Finanzierungsplan zur Verwirklichung Ihres Immobilienwunsches zu finden.<\/p>\n<p><\/p>\n<p><\/p>\n<h2 class=\"wp-block-heading\">Pers\u00f6nliche Beratung<\/h2>\n<p><\/p>\n<p><\/p>\n<p>Ich w\u00fcnsche eine kostenlose Beratung zum Thema Immobilien\/Finanzierung und ben\u00f6tige einen pers\u00f6nlichen Termin<\/p>\n<p><\/p>\n<p><\/p>\n<div class=\"is-layout-flex wp-block-buttons-is-layout-flex\">\n<p><\/p>\n<div><a href=\"https:\/\/kunzmann-invest.de\/kontakt\">Kontakt<\/a><\/div>\n<p><\/p>\n<\/div>\n<p><\/p>\t\t\t\t\t\t\t\t<\/div>\n\t\t\t\t<\/div>\n\t\t\t\t\t<\/div>\n\t\t<\/div>\n\t\t\t\t\t<\/div>\n\t\t<\/section>\n\t\t\t\t<\/div>\n\t\t","protected":false},"excerpt":{"rendered":"<p>Immobilienangebote Immobilien sind ein wachsender Bestandteil unseres Dienstleistungsangebots. Neben der reinen Vermittlungst\u00e4tigkeit von Miet- und [&hellip;]<\/p>\n","protected":false},"author":1,"featured_media":146,"parent":0,"menu_order":0,"comment_status":"closed","ping_status":"closed","template":"","meta":{"footnotes":""},"class_list":["post-184","page","type-page","status-publish","has-post-thumbnail","hentry"],"_links":{"self":[{"href":"https:\/\/kunzmann-invest.de\/index.php?rest_route=\/wp\/v2\/pages\/184","targetHints":{"allow":["GET"]}}],"collection":[{"href":"https:\/\/kunzmann-invest.de\/index.php?rest_route=\/wp\/v2\/pages"}],"about":[{"href":"https:\/\/kunzmann-invest.de\/index.php?rest_route=\/wp\/v2\/types\/page"}],"author":[{"embeddable":true,"href":"https:\/\/kunzmann-invest.de\/index.php?rest_route=\/wp\/v2\/users\/1"}],"replies":[{"embeddable":true,"href":"https:\/\/kunzmann-invest.de\/index.php?rest_route=%2Fwp%2Fv2%2Fcomments&post=184"}],"version-history":[{"count":13,"href":"https:\/\/kunzmann-invest.de\/index.php?rest_route=\/wp\/v2\/pages\/184\/revisions"}],"predecessor-version":[{"id":371,"href":"https:\/\/kunzmann-invest.de\/index.php?rest_route=\/wp\/v2\/pages\/184\/revisions\/371"}],"wp:featuredmedia":[{"embeddable":true,"href":"https:\/\/kunzmann-invest.de\/index.php?rest_route=\/wp\/v2\/media\/146"}],"wp:attachment":[{"href":"https:\/\/kunzmann-invest.de\/index.php?rest_route=%2Fwp%2Fv2%2Fmedia&parent=184"}],"curies":[{"name":"wp","href":"https:\/\/api.w.org\/{rel}","templated":true}]}}