{"id":192,"date":"2023-04-10T14:50:29","date_gmt":"2023-04-10T14:50:29","guid":{"rendered":"https:\/\/wp.kunzmann-invest.de\/?page_id=192"},"modified":"2023-04-10T14:50:29","modified_gmt":"2023-04-10T14:50:29","slug":"immobilien-referenzen","status":"publish","type":"page","link":"https:\/\/kunzmann-invest.de\/?page_id=192","title":{"rendered":"Immobilien Referenzen"},"content":{"rendered":"\n<figure class=\"wp-block-gallery has-nested-images columns-default is-cropped wp-block-gallery-1 is-layout-flex wp-block-gallery-is-layout-flex\">\n<figure class=\"wp-block-image size-large\"><img fetchpriority=\"high\" decoding=\"async\" width=\"564\" height=\"415\" data-id=\"196\" src=\"https:\/\/kunzmann-invest.de\/wp-content\/uploads\/2023\/04\/Meisenstr-28-Illustration.jpeg\" alt=\"\" class=\"wp-image-196\" srcset=\"https:\/\/kunzmann-invest.de\r\n\/wp-content\/uploads\/2023\/04\/Meisenstr-28-Illustration.jpeg 564w, https:\/\/kunzmann-invest.de\r\n\/wp-content\/uploads\/2023\/04\/Meisenstr-28-Illustration-300x221.jpeg 300w\" sizes=\"(max-width: 564px) 100vw, 564px\" \/><figcaption class=\"wp-element-caption\">Wohngeb\u00e4ude Meisenstra\u00dfe II<\/figcaption><\/figure>\n\n\n\n<figure class=\"wp-block-image size-large\"><img decoding=\"async\" width=\"810\" height=\"656\" data-id=\"198\" src=\"https:\/\/kunzmann-invest.de\/wp-content\/uploads\/2023\/04\/salierstr-00.jpeg\" alt=\"\" class=\"wp-image-198\" srcset=\"https:\/\/kunzmann-invest.de\r\n\/wp-content\/uploads\/2023\/04\/salierstr-00.jpeg 810w, https:\/\/kunzmann-invest.de\r\n\/wp-content\/uploads\/2023\/04\/salierstr-00-300x243.jpeg 300w, https:\/\/kunzmann-invest.de\r\n\/wp-content\/uploads\/2023\/04\/salierstr-00-768x622.jpeg 768w\" sizes=\"(max-width: 810px) 100vw, 810px\" \/><figcaption class=\"wp-element-caption\">Wohngeb\u00e4ude Salierstra\u00dfe<\/figcaption><\/figure>\n\n\n\n<figure class=\"wp-block-image size-large\"><img decoding=\"async\" width=\"810\" height=\"519\" data-id=\"194\" src=\"https:\/\/kunzmann-invest.de\/wp-content\/uploads\/2023\/04\/friedenstr24.jpeg\" alt=\"\" class=\"wp-image-194\" srcset=\"https:\/\/kunzmann-invest.de\r\n\/wp-content\/uploads\/2023\/04\/friedenstr24.jpeg 810w, https:\/\/kunzmann-invest.de\r\n\/wp-content\/uploads\/2023\/04\/friedenstr24-300x192.jpeg 300w, https:\/\/kunzmann-invest.de\r\n\/wp-content\/uploads\/2023\/04\/friedenstr24-768x492.jpeg 768w\" sizes=\"(max-width: 810px) 100vw, 810px\" \/><figcaption class=\"wp-element-caption\">Wohngeb\u00e4ude Friedenstra\u00dfe<\/figcaption><\/figure>\n\n\n\n<figure class=\"wp-block-image size-large\"><img loading=\"lazy\" decoding=\"async\" width=\"810\" height=\"541\" data-id=\"195\" src=\"https:\/\/kunzmann-invest.de\/wp-content\/uploads\/2023\/04\/meisenstr-16-2.jpeg\" alt=\"\" class=\"wp-image-195\" srcset=\"https:\/\/kunzmann-invest.de\r\n\/wp-content\/uploads\/2023\/04\/meisenstr-16-2.jpeg 810w, https:\/\/kunzmann-invest.de\r\n\/wp-content\/uploads\/2023\/04\/meisenstr-16-2-300x200.jpeg 300w, https:\/\/kunzmann-invest.de\r\n\/wp-content\/uploads\/2023\/04\/meisenstr-16-2-768x513.jpeg 768w\" sizes=\"(max-width: 810px) 100vw, 810px\" \/><figcaption class=\"wp-element-caption\">Wohngeb\u00e4ude Meisenstra\u00dfe<\/figcaption><\/figure>\n\n\n\n<figure class=\"wp-block-image size-large\"><img loading=\"lazy\" decoding=\"async\" width=\"840\" height=\"561\" data-id=\"197\" src=\"https:\/\/kunzmann-invest.de\/wp-content\/uploads\/2023\/04\/gruenewaldstr_13.jpeg\" alt=\"\" class=\"wp-image-197\" srcset=\"https:\/\/kunzmann-invest.de\r\n\/wp-content\/uploads\/2023\/04\/gruenewaldstr_13.jpeg 840w, https:\/\/kunzmann-invest.de\r\n\/wp-content\/uploads\/2023\/04\/gruenewaldstr_13-300x200.jpeg 300w, https:\/\/kunzmann-invest.de\r\n\/wp-content\/uploads\/2023\/04\/gruenewaldstr_13-768x513.jpeg 768w\" sizes=\"(max-width: 840px) 100vw, 840px\" \/><figcaption class=\"wp-element-caption\">Wohngeb\u00e4ude Gr\u00fcnewaldstra\u00dfe<\/figcaption><\/figure>\n<\/figure>\n\n\n\n<figure class=\"wp-block-image size-full is-resized\"><img loading=\"lazy\" decoding=\"async\" src=\"https:\/\/kunzmann-invest.de\/wp-content\/uploads\/2023\/04\/immobilien-referenzen.jpeg\" alt=\"\" class=\"wp-image-193\" width=\"752\" height=\"752\" srcset=\"https:\/\/kunzmann-invest.de\r\n\/wp-content\/uploads\/2023\/04\/immobilien-referenzen.jpeg 810w, https:\/\/kunzmann-invest.de\r\n\/wp-content\/uploads\/2023\/04\/immobilien-referenzen-300x300.jpeg 300w, https:\/\/kunzmann-invest.de\r\n\/wp-content\/uploads\/2023\/04\/immobilien-referenzen-150x150.jpeg 150w, https:\/\/kunzmann-invest.de\r\n\/wp-content\/uploads\/2023\/04\/immobilien-referenzen-768x768.jpeg 768w\" sizes=\"(max-width: 752px) 100vw, 752px\" \/><\/figure>\n","protected":false},"excerpt":{"rendered":"","protected":false},"author":1,"featured_media":0,"parent":0,"menu_order":0,"comment_status":"closed","ping_status":"closed","template":"","meta":{"footnotes":""},"class_list":["post-192","page","type-page","status-publish","hentry"],"_links":{"self":[{"href":"https:\/\/kunzmann-invest.de\/index.php?rest_route=\/wp\/v2\/pages\/192","targetHints":{"allow":["GET"]}}],"collection":[{"href":"https:\/\/kunzmann-invest.de\/index.php?rest_route=\/wp\/v2\/pages"}],"about":[{"href":"https:\/\/kunzmann-invest.de\/index.php?rest_route=\/wp\/v2\/types\/page"}],"author":[{"embeddable":true,"href":"https:\/\/kunzmann-invest.de\/index.php?rest_route=\/wp\/v2\/users\/1"}],"replies":[{"embeddable":true,"href":"https:\/\/kunzmann-invest.de\/index.php?rest_route=%2Fwp%2Fv2%2Fcomments&post=192"}],"version-history":[{"count":1,"href":"https:\/\/kunzmann-invest.de\/index.php?rest_route=\/wp\/v2\/pages\/192\/revisions"}],"predecessor-version":[{"id":199,"href":"https:\/\/kunzmann-invest.de\/index.php?rest_route=\/wp\/v2\/pages\/192\/revisions\/199"}],"wp:attachment":[{"href":"https:\/\/kunzmann-invest.de\/index.php?rest_route=%2Fwp%2Fv2%2Fmedia&parent=192"}],"curies":[{"name":"wp","href":"https:\/\/api.w.org\/{rel}","templated":true}]}}