{"id":204,"date":"2023-04-10T14:56:47","date_gmt":"2023-04-10T14:56:47","guid":{"rendered":"https:\/\/wp.kunzmann-invest.de\/?page_id=204"},"modified":"2023-06-04T09:00:12","modified_gmt":"2023-06-04T09:00:12","slug":"digitaler-kundenordner","status":"publish","type":"page","link":"https:\/\/kunzmann-invest.de\/?page_id=204","title":{"rendered":"Digitaler Kundenordner"},"content":{"rendered":"\n<p>Der Digitale Kundenordner ist Ihr pers\u00f6nlicher Zugang zu allen Vertr\u00e4gen von allen Gesellschaften: \u00dcbersichtlich, schnell und immer verf\u00fcgbar. Sie k\u00f6nnen z.B. Ihre Adresse oder Bankverbindung so bequem allen Gesellschaften mitteilen. Sie sehen nicht nur Ihre bestehenden Vertr\u00e4ge, sondern erhalten auf Wunsch auch eine \u00dcbersicht von neuen Tarifen oder haben Zugang zu einfachen Schadensmeldungen.<\/p>\n\n\n\n<h2 class=\"wp-block-heading\">Kunden Neuanmeldung<\/h2>\n\n\n\n<p>Ich interessiere mich f\u00fcr die Vorteile des digitalen Kundenordners und bitte um Freischaltung und Zugangsdaten zu meinem pers\u00f6nlichem Kundenordner<\/p>\n\n\n\n<p>Dieser Service ist kostenlos und nur f\u00fcr Bestandskunden.<\/p>\n\n\n\n<div class=\"wp-block-buttons is-layout-flex wp-block-buttons-is-layout-flex\">\n<div class=\"wp-block-button\"><a class=\"wp-block-button__link wp-element-button\" href=\"https:\/\/kunzmann-invest.de\/kontakt\">Neuanmeldung<\/a><\/div>\n<\/div>\n\n\n\n<figure class=\"wp-block-embed is-type-video is-provider-youtube wp-block-embed-youtube wp-embed-aspect-16-9 wp-has-aspect-ratio\"><div class=\"wp-block-embed__wrapper\">\n<iframe title=\"Ihr digitaler Kundenordner\" width=\"500\" height=\"281\" src=\"https:\/\/www.youtube.com\/embed\/o7as_FN-C8Q?feature=oembed\" frameborder=\"0\" allow=\"accelerometer; autoplay; clipboard-write; encrypted-media; gyroscope; picture-in-picture; web-share\" referrerpolicy=\"strict-origin-when-cross-origin\" allowfullscreen><\/iframe>\n<\/div><\/figure>\n\n\n\n<h2 class=\"wp-block-heading\">SIMPLR \u2013 Versicherungen auch mobil mit Smartphone oder Tablet einfach verwalten<\/h2>\n\n\n\n<h4 class=\"wp-block-heading\">\u00dcberall dabei<\/h4>\n\n\n\n<p>Nie mehr einen Versicherungsschein suchen, wenn man diesen braucht. Mit simplr sind alle wichtigen Daten immer griffbereit, wenn es n\u00f6tig ist.<\/p>\n\n\n\n<h4 class=\"wp-block-heading\">Pers\u00f6nlich<\/h4>\n\n\n\n<p>Als Versicherungsmakler stehe ich mit Rat und Tat auch vor Ort und nicht nur per Telefon, E-Mail oder SMS Ihnen zur Seite. Online muss nicht anonym sein.<\/p>\n\n\n\n<p>Innerhalb der App werden alle Ihre Aktionen und Anfragen automatisch direkt uns als Ihren pers\u00f6nlichen Ansprechpartner hinterlegt und&nbsp;zugewiesen,<\/p>\n\n\n\n<h4 class=\"wp-block-heading\">Schutz<\/h4>\n\n\n\n<p>Der Schutz Ihrer Daten ist uns besonders wichtig! Deshalb werden alle Daten ausschlie\u00dflich verschl\u00fcsselt \u00fcbertragen.<\/p>\n\n\n\n<figure class=\"wp-block-embed is-type-video is-provider-youtube wp-block-embed-youtube wp-embed-aspect-16-9 wp-has-aspect-ratio\"><div class=\"wp-block-embed__wrapper\">\n<iframe title=\"Versicherungen werden simplr\" width=\"500\" height=\"281\" src=\"https:\/\/www.youtube.com\/embed\/Hrv-Kmhdk1U?feature=oembed\" frameborder=\"0\" allow=\"accelerometer; autoplay; clipboard-write; encrypted-media; gyroscope; picture-in-picture; web-share\" referrerpolicy=\"strict-origin-when-cross-origin\" allowfullscreen><\/iframe>\n<\/div><\/figure>\n\n\n\n<h4 class=\"wp-block-heading\">Download App<\/h4>\n\n\n\n<p><strong><a href=\"https:\/\/kunzmann-invest.de\/versicherungen\/digitaler-kundenordner.php#form-box\">Google Play<\/a>\u00a0<\/strong><\/p>\n\n\n\n<p><strong><a href=\"https:\/\/kunzmann-invest.de\/versicherungen\/digitaler-kundenordner.php#form-box\">App Store<\/a><\/strong><\/p>\n\n\n\n<p>Fragen sie uns nach den pers\u00f6nlichen Zugangsdaten, diese erhalten Kunden direkt von uns!<\/p>\n","protected":false},"excerpt":{"rendered":"<p>Der Digitale Kundenordner ist Ihr pers\u00f6nlicher Zugang zu allen Vertr\u00e4gen von allen Gesellschaften: \u00dcbersichtlich, schnell [&hellip;]<\/p>\n","protected":false},"author":1,"featured_media":0,"parent":0,"menu_order":0,"comment_status":"closed","ping_status":"closed","template":"","meta":{"footnotes":""},"class_list":["post-204","page","type-page","status-publish","hentry"],"_links":{"self":[{"href":"https:\/\/kunzmann-invest.de\/index.php?rest_route=\/wp\/v2\/pages\/204","targetHints":{"allow":["GET"]}}],"collection":[{"href":"https:\/\/kunzmann-invest.de\/index.php?rest_route=\/wp\/v2\/pages"}],"about":[{"href":"https:\/\/kunzmann-invest.de\/index.php?rest_route=\/wp\/v2\/types\/page"}],"author":[{"embeddable":true,"href":"https:\/\/kunzmann-invest.de\/index.php?rest_route=\/wp\/v2\/users\/1"}],"replies":[{"embeddable":true,"href":"https:\/\/kunzmann-invest.de\/index.php?rest_route=%2Fwp%2Fv2%2Fcomments&post=204"}],"version-history":[{"count":3,"href":"https:\/\/kunzmann-invest.de\/index.php?rest_route=\/wp\/v2\/pages\/204\/revisions"}],"predecessor-version":[{"id":263,"href":"https:\/\/kunzmann-invest.de\/index.php?rest_route=\/wp\/v2\/pages\/204\/revisions\/263"}],"wp:attachment":[{"href":"https:\/\/kunzmann-invest.de\/index.php?rest_route=%2Fwp%2Fv2%2Fmedia&parent=204"}],"curies":[{"name":"wp","href":"https:\/\/api.w.org\/{rel}","templated":true}]}}