{"id":376,"date":"2024-07-19T09:26:28","date_gmt":"2024-07-19T09:26:28","guid":{"rendered":"https:\/\/wp.kunzmann-invest.de\/?page_id=376"},"modified":"2024-07-19T11:48:25","modified_gmt":"2024-07-19T11:48:25","slug":"impressum","status":"publish","type":"page","link":"https:\/\/kunzmann-invest.de\/?page_id=376","title":{"rendered":"Impressum"},"content":{"rendered":"\n<p><strong>Impressum<br><\/strong>Kunzmann Finanzberatung<br>Peter Kunzmann, Masterconsultant\/in Finance<br>Karolingerstr. 36, D-75177 Pforzheim<br>Telefon: +49 (0)7231-33005; Telefax: +49 (0)7231-101862<br>E-Mail: info (at) kunzmann-invest.de; Internet: www.kunzmann-invest.de<br><\/p>\n\n\n\n<p><strong>Aufsichtsbeh\u00f6rde nach \u00a734c GewO:<br><\/strong>Ordnungsamt Stadt Pforzheim<\/p>\n\n\n\n<p><strong>Gesch\u00e4ftsf\u00fchrer\/Inhaber:<br><\/strong>Peter Kunzmann<br>USt-ID-Nr.: DE 144 128 306<br>Versicherungsmakler gem\u00e4\u00df \u00a7 34d GewO<br>Register.-Nr.: D-X7I0-1G77Y-52<br>www.vermittlerregister.org<\/p>\n\n\n\n<p><br>Finanzanlagen\u00advermittler gem\u00e4\u00df \u00a7 34f Abs. 1 Nr. 1 und Nr. 2 GewO<br>Register.-Nr.: D-F-164-KVPC-12<br>www.vermittlerregister.org<\/p>\n\n\n\n<p><br>Immobiliardarlehensvermittler gem\u00e4\u00df\u00a0\u00a7 34i Abs. 1 S. 1 GewO)<br>Register.-Nr.:\u00a0D-W-164-CH3L-39<br>www.vermittlerregister.org<\/p>\n\n\n\n<p><strong>Zust\u00e4ndige IHK:<br><\/strong>Industrie- und Handelskammer Nordschwarzwald<br>75172 Pforzheim, Dr. Brandenburg-Strasse 6<br>Telefon: +49 (0)7084-201-0 ; Telefax: +49 (0)7084-201-158<br><\/p>\n\n\n\n<p><strong>Schlichtungsstellen:<br><\/strong>Versicherungszweigunabh\u00e4ngig<br>Bundesanstalt f\u00fcr Finanzdienstleistungsaufsicht<br>Graurheindorfer Stra\u00dfe 108, 53117 Bonn<br>Telefon: +49 (0)1805-122346, Fax: +49 (0)228 4108-1550<br>E-Mail: poststelle@bafin.de, Internet: www.bafin.de<\/p>\n\n\n\n<p>Hinweis:<br>Die Bundesanstalt f\u00fcr Finanzdienstleistungsaufsicht (BaFin) nimmt Beschwerden \u00fcber die beaufsichtigten Unternehmen entgegen. Zu ihren Aufgaben geh\u00f6rt es, Missst\u00e4nde in den beaufsichtigten Unternehmen zu beseitigen, sie ist keine Schlichtungsstelle.<br>Private Versicherungen au\u00dfer private Krankenversicherungen, Kreditversicherungen, R\u00fcckversicherungen<br><strong>Versicherungsombudsmann e. V.<br><\/strong>Postfach 080 632, 10006 Berlin<br>Telefon: +49 (0)1804-224424; Fax: +49 (0)1804-224425<br>E-Mail: beschwerde@versicherungsombudsmann.de; Internet: www.versicherungsombudsmann.de<\/p>\n\n\n\n<p>Hinweis:<br>Der Versicherungsombudsmann ist eine kostenfreie und unabh\u00e4ngige Schlichtungsstelle f\u00fcr Beschwerden zu Hausrat-, Wohngeb\u00e4ude-, Haftpflicht und Rechtsschutzversicherungen, sowie Unfall-, Lebens-, Renten- und Berufsunf\u00e4higkeitsversicherungen. Er ist nicht zust\u00e4ndig f\u00fcr Beschwerden, bei denen ein Verfahren vor Gericht oder der BaFin anh\u00e4ngig ist.<br>Private Krankenversicherung<br>Ombudsmann Private Kranken- und Pflegeversicherung<br>Kronenstra\u00dfe 13, 10117 Berlin<br>Telefon: +49 (0)1802-550444; Fax: +49 (0)30-20458931<br>Internet: www.pkv-ombudsmann.de<\/p>\n\n\n\n<p>Hinweis:<br>Der PKV-Ombudsmann ist eine kostenfreie und unabh\u00e4ngige Schlichtungsstelle f\u00fcr Beschwerden \u00fcber \u00fcber die privaten Kranken- und Pflegeversicherer, soweit diese Mitglieder im Verband der privaten Krankenversicherung e.V. sind. Er ist nicht zust\u00e4ndig, wenn die gleiche Streitfrage bereits vor einem Gericht, einer anderen Schiedsstelle oder sonstigen Einrichtung behandelt wird oder wurde.<\/p>\n\n\n\n<p><strong>Haftungsausschluss:<br><\/strong>Die Inhalte der \u201eKunzmann Finanzberatung\u201c-Internetseiten stellen keine Beratung dar. Wir weisen darauf hin, da\u00df wir keine Subventionsberatung oder F\u00f6rdermittelberatung durchf\u00fchren. Insbesondere ist eine Rechts- oder Steuerberatung nicht beabsichtigt. Die Inhalte der \u201eKunzmann Finanzberatung\u201c-Internetseiten dienen schwerpunktm\u00e4\u00dfig lediglich der Information und geben einen ersten \u00dcberblick \u00fcber bestehende M\u00f6glichkeiten. Hyperlinks auf andere Internetseiten und Publikationen wurden gepr\u00fcft und sorgf\u00e4ltig ausgew\u00e4hlt. Wir weisen ausdr\u00fccklich darauf hin, da\u00df wir keinerlei Einfluss auf den Inhalt und die Gestaltung der Seiten anderer Internet-Anbieter haben. Da sich die Inhalte der verlinkten Seiten st\u00e4ndig \u00e4ndern k\u00f6nnen, wird die Haftung f\u00fcr diese Inhalte im gesetzlich zul\u00e4ssigen Umfang ausgeschlossen. Bitte informieren Sie uns bei Fehlinformationen und\/oder veralteten Informationen info (at) kunzmann-invest.de<\/p>\n\n\n\n<p>Rechts &amp; Risikohinweis<br>Die Kunzmann Finanzberatung pr\u00fcft und aktualisiert die Informationen auf Ihren Web-Seiten st\u00e4ndig. Trotz aller Sorgfalt k\u00f6nnen wir f\u00fcr die Richtigkeit, Vollst\u00e4ndigkeit und Aktualit\u00e4t der zur Verf\u00fcgung gestellten Informationen keine Haftung, Garantie oder Gew\u00e4hr \u00fcbernehmen. gleiches gilt auch f\u00fcr die Web-Seiten, auf die mittels Hyperlink verwiesen wird. Die Kunzmann Finanzberatung ist f\u00fcr den Inhalt dieser Web-Seiten nicht verantwortlich und hat keinerlei Einfluss auf deren Gestaltung. Die Kunzmann Finanzberatung beh\u00e4lt sich das Recht vor, \u00c4nderungen und Erg\u00e4nzungen der bereitgestellten Informationen vorzunehmen. Die Vervielf\u00e4ltigung oder auszugsweise Weitergabe der zur Verf\u00fcgung gestellten Informationen ist nur mit ausdr\u00fccklicher, schriftlicher Genehmigung der Kunzmann Finanzberatung erlaubt. Keine der hier genannten Gesellschaften und Produktpartner haftet f\u00fcr die hier aufgef\u00fchrten In-formationen und den Inhalt auf dieser Web-Site. Die Darstellung der Website ist kein Verkaufsangebot. Grundlage f\u00fcr den Kauf von Produkten, Kapitalanlagen, Versicherung, Investmentanteilen, etc. sind die jeweiligen Vertragbedingungen bzw. g\u00fcltigen Verkaufsprospekte und Berichte der jeweiligen Gesellschaft. Der Wert von Kapitalanlagen, insbesondere von Fondsanteilen und Beteiligungen und die H\u00f6he der Ertr\u00e4ge schwanken und k\u00f6nnen nicht garantiert werden. Es besteht die M\u00f6glichkeit, dass der Anleger nicht die gesamte angelegte Summe zur\u00fcck erh\u00e4lt. Dies gilt insbesondere dann, wenn z.B. bei Fonds die Anteile bereits nach kurzer Zeit zur\u00fcckgegeben werden. Bei der Anlage in Investmentfonds besteht, wie bei jeder Anlage in Wertpapieren und vergleichbaren Verm\u00f6genswerten, das Risiko von Kurs- und W\u00e4hrungsverlusten. Zur\u00fcckliegende Ergebnisse sind nicht notwendigerweise Anhaltspunkte f\u00fcr k\u00fcnftige Ertr\u00e4ge und Wertentwicklungen. Alle Informationen gelten ausschlie\u00dflich f\u00fcr deutsche Anleger.<\/p>\n\n\n\n<p>\u00a9 2019 Kunzmann Finanzberatung seit 1984<\/p>\n\n\n\n<p><\/p>\n","protected":false},"excerpt":{"rendered":"<p>ImpressumKunzmann FinanzberatungPeter Kunzmann, Masterconsultant\/in FinanceKarolingerstr. 36, D-75177 PforzheimTelefon: +49 (0)7231-33005; Telefax: +49 (0)7231-101862E-Mail: info (at) [&hellip;]<\/p>\n","protected":false},"author":1,"featured_media":0,"parent":0,"menu_order":0,"comment_status":"closed","ping_status":"closed","template":"","meta":{"footnotes":""},"class_list":["post-376","page","type-page","status-publish","hentry"],"_links":{"self":[{"href":"https:\/\/kunzmann-invest.de\/index.php?rest_route=\/wp\/v2\/pages\/376","targetHints":{"allow":["GET"]}}],"collection":[{"href":"https:\/\/kunzmann-invest.de\/index.php?rest_route=\/wp\/v2\/pages"}],"about":[{"href":"https:\/\/kunzmann-invest.de\/index.php?rest_route=\/wp\/v2\/types\/page"}],"author":[{"embeddable":true,"href":"https:\/\/kunzmann-invest.de\/index.php?rest_route=\/wp\/v2\/users\/1"}],"replies":[{"embeddable":true,"href":"https:\/\/kunzmann-invest.de\/index.php?rest_route=%2Fwp%2Fv2%2Fcomments&post=376"}],"version-history":[{"count":4,"href":"https:\/\/kunzmann-invest.de\/index.php?rest_route=\/wp\/v2\/pages\/376\/revisions"}],"predecessor-version":[{"id":381,"href":"https:\/\/kunzmann-invest.de\/index.php?rest_route=\/wp\/v2\/pages\/376\/revisions\/381"}],"wp:attachment":[{"href":"https:\/\/kunzmann-invest.de\/index.php?rest_route=%2Fwp%2Fv2%2Fmedia&parent=376"}],"curies":[{"name":"wp","href":"https:\/\/api.w.org\/{rel}","templated":true}]}}